{"id":812,"date":"2022-12-13T18:00:48","date_gmt":"2022-12-13T17:00:48","guid":{"rendered":"https:\/\/lundsylt.de\/?page_id=812"},"modified":"2023-06-19T12:35:22","modified_gmt":"2023-06-19T10:35:22","slug":"presse","status":"publish","type":"page","link":"https:\/\/lund-sylt.de\/en\/presse\/","title":{"rendered":"Press"},"content":{"rendered":"<style>.kb-row-layout-id_850e23-49 > .kt-row-column-wrap{align-content:start;}:where(.kb-row-layout-id_850e23-49 > .kt-row-column-wrap) > .wp-block-kadence-column{justify-content:start;}.kb-row-layout-id_850e23-49 > .kt-row-column-wrap{column-gap:var(--global-kb-gap-md, 2rem);row-gap:var(--global-kb-gap-md, 2rem);padding-top:var(--global-kb-spacing-sm, 1.5rem);padding-bottom:var(--global-kb-spacing-sm, 1.5rem);grid-template-columns:minmax(0, 1fr);}.kb-row-layout-id_850e23-49 > .kt-row-layout-overlay{opacity:0.30;}@media all and (max-width: 1024px){.kb-row-layout-id_850e23-49 > .kt-row-column-wrap{grid-template-columns:minmax(0, 1fr);}}@media all and (max-width: 767px){.kb-row-layout-id_850e23-49 > .kt-row-column-wrap{grid-template-columns:minmax(0, 1fr);}}<\/style><div class=\"kb-row-layout-wrap kb-row-layout-id_850e23-49 alignnone wp-block-kadence-rowlayout\"><div class=\"kt-row-column-wrap kt-has-1-columns kt-row-layout-equal kt-tab-layout-inherit kt-mobile-layout-row kt-row-valign-top\">\n<style>.kadence-column_ae3797-80 > .kt-inside-inner-col,.kadence-column_ae3797-80 > .kt-inside-inner-col:before{border-top-left-radius:0px;border-top-right-radius:0px;border-bottom-right-radius:0px;border-bottom-left-radius:0px;}.kadence-column_ae3797-80 > .kt-inside-inner-col{column-gap:var(--global-kb-gap-sm, 1rem);}.kadence-column_ae3797-80 > .kt-inside-inner-col{flex-direction:column;}.kadence-column_ae3797-80 > .kt-inside-inner-col > .aligncenter{width:100%;}.kadence-column_ae3797-80 > .kt-inside-inner-col:before{opacity:0.3;}.kadence-column_ae3797-80{position:relative;}@media all and (max-width: 1024px){.kadence-column_ae3797-80 > .kt-inside-inner-col{flex-direction:column;justify-content:center;}}@media all and (max-width: 767px){.kadence-column_ae3797-80 > .kt-inside-inner-col{flex-direction:column;justify-content:center;}}<\/style>\n<div class=\"wp-block-kadence-column kadence-column_ae3797-80 inner-column-1\"><div class=\"kt-inside-inner-col\"><style>.wp-block-kadence-advancedheading.kt-adv-heading_e7acd6-3f, .wp-block-kadence-advancedheading.kt-adv-heading_e7acd6-3f[data-kb-block=\"kb-adv-heading_e7acd6-3f\"]{font-style:normal;}.wp-block-kadence-advancedheading.kt-adv-heading_e7acd6-3f mark.kt-highlight, .wp-block-kadence-advancedheading.kt-adv-heading_e7acd6-3f[data-kb-block=\"kb-adv-heading_e7acd6-3f\"] mark.kt-highlight{font-style:normal;color:#f76a0c;-webkit-box-decoration-break:clone;box-decoration-break:clone;padding-top:0px;padding-right:0px;padding-bottom:0px;padding-left:0px;}.wp-block-kadence-advancedheading.kt-adv-heading_e7acd6-3f img.kb-inline-image, .wp-block-kadence-advancedheading.kt-adv-heading_e7acd6-3f[data-kb-block=\"kb-adv-heading_e7acd6-3f\"] img.kb-inline-image{width:150px;vertical-align:baseline;}<\/style>\n<h1 class=\"kt-adv-heading_e7acd6-3f wp-block-kadence-advancedheading\" data-kb-block=\"kb-adv-heading_e7acd6-3f\">Presse<\/h1>\n\n\n<style>.wp-block-kadence-advancedheading.kt-adv-heading_591171-65, .wp-block-kadence-advancedheading.kt-adv-heading_591171-65[data-kb-block=\"kb-adv-heading_591171-65\"]{font-style:normal;}.wp-block-kadence-advancedheading.kt-adv-heading_591171-65 mark.kt-highlight, .wp-block-kadence-advancedheading.kt-adv-heading_591171-65[data-kb-block=\"kb-adv-heading_591171-65\"] mark.kt-highlight{font-style:normal;color:#f76a0c;-webkit-box-decoration-break:clone;box-decoration-break:clone;padding-top:0px;padding-right:0px;padding-bottom:0px;padding-left:0px;}.wp-block-kadence-advancedheading.kt-adv-heading_591171-65 img.kb-inline-image, .wp-block-kadence-advancedheading.kt-adv-heading_591171-65[data-kb-block=\"kb-adv-heading_591171-65\"] img.kb-inline-image{width:150px;vertical-align:baseline;}<\/style>\n<p class=\"kt-adv-heading_591171-65 wp-block-kadence-advancedheading\" data-kb-block=\"kb-adv-heading_591171-65\">Dies ist unser Servicebereich f\u00fcr die (lokale) Presse. Wir bieten eine umfassende Sammlung von Fotos zur Verwendung an, wobei einige ein Copyright unserer Fotografen haben, der \u00fcberwiegende Teil ist jedoch von uns selbst erstellt. Falls Sie Material ben\u00f6tigten: einfach <a href=\"\/#Kontakt\" data-type=\"URL\" data-id=\"\/kontakt\/\">anfragen<\/a>, wir senden Ihnen gern das Kennwort. <\/p>\n<\/div><\/div>\n\n<\/div><\/div>\n\n<style>.kb-row-layout-id_b75969-f6 > .kt-row-column-wrap{align-content:start;}:where(.kb-row-layout-id_b75969-f6 > .kt-row-column-wrap) > .wp-block-kadence-column{justify-content:start;}.kb-row-layout-id_b75969-f6 > .kt-row-column-wrap{column-gap:var(--global-kb-gap-md, 2rem);row-gap:var(--global-kb-gap-md, 2rem);padding-top:var(--global-kb-spacing-sm, 1.5rem);padding-bottom:var(--global-kb-spacing-sm, 1.5rem);grid-template-columns:minmax(0, 1fr);}.kb-row-layout-id_b75969-f6 > .kt-row-layout-overlay{opacity:0.30;}@media all and (max-width: 1024px){.kb-row-layout-id_b75969-f6 > .kt-row-column-wrap{grid-template-columns:minmax(0, 1fr);}}@media all and (max-width: 767px){.kb-row-layout-id_b75969-f6 > .kt-row-column-wrap{grid-template-columns:minmax(0, 1fr);}}<\/style><div class=\"kb-row-layout-wrap kb-row-layout-id_b75969-f6 alignnone wp-block-kadence-rowlayout\"><div class=\"kt-row-column-wrap kt-has-1-columns kt-row-layout-equal kt-tab-layout-inherit kt-mobile-layout-row kt-row-valign-top\">\n<style>.kadence-column_cdeb05-dd > .kt-inside-inner-col,.kadence-column_cdeb05-dd > .kt-inside-inner-col:before{border-top-left-radius:0px;border-top-right-radius:0px;border-bottom-right-radius:0px;border-bottom-left-radius:0px;}.kadence-column_cdeb05-dd > .kt-inside-inner-col{column-gap:var(--global-kb-gap-sm, 1rem);}.kadence-column_cdeb05-dd > .kt-inside-inner-col{flex-direction:column;}.kadence-column_cdeb05-dd > .kt-inside-inner-col > .aligncenter{width:100%;}.kadence-column_cdeb05-dd > .kt-inside-inner-col:before{opacity:0.3;}.kadence-column_cdeb05-dd{position:relative;}@media all and (max-width: 1024px){.kadence-column_cdeb05-dd > .kt-inside-inner-col{flex-direction:column;justify-content:center;}}@media all and (max-width: 767px){.kadence-column_cdeb05-dd > .kt-inside-inner-col{flex-direction:column;justify-content:center;}}<\/style>\n<div class=\"wp-block-kadence-column kadence-column_cdeb05-dd inner-column-1\"><div class=\"kt-inside-inner-col\"><style>.wp-block-kadence-advancedheading.kt-adv-heading_c89ed6-98, .wp-block-kadence-advancedheading.kt-adv-heading_c89ed6-98[data-kb-block=\"kb-adv-heading_c89ed6-98\"]{font-style:normal;}.wp-block-kadence-advancedheading.kt-adv-heading_c89ed6-98 mark.kt-highlight, .wp-block-kadence-advancedheading.kt-adv-heading_c89ed6-98[data-kb-block=\"kb-adv-heading_c89ed6-98\"] mark.kt-highlight{font-style:normal;color:#f76a0c;-webkit-box-decoration-break:clone;box-decoration-break:clone;padding-top:0px;padding-right:0px;padding-bottom:0px;padding-left:0px;}.wp-block-kadence-advancedheading.kt-adv-heading_c89ed6-98 img.kb-inline-image, .wp-block-kadence-advancedheading.kt-adv-heading_c89ed6-98[data-kb-block=\"kb-adv-heading_c89ed6-98\"] img.kb-inline-image{width:150px;vertical-align:baseline;}<\/style>\n<p class=\"kt-adv-heading_c89ed6-98 wp-block-kadence-advancedheading\" data-kb-block=\"kb-adv-heading_c89ed6-98\">Neben gesch\u00fctzten Dateien stellen wir folgende Dateien auch frei zur Nutzung zur Verf\u00fcgung.<\/p>\n<\/div><\/div>\n\n<\/div><\/div>\n\n<style>.kb-row-layout-id_35d141-37 > .kt-row-column-wrap{align-content:start;}:where(.kb-row-layout-id_35d141-37 > .kt-row-column-wrap) > .wp-block-kadence-column{justify-content:start;}.kb-row-layout-id_35d141-37 > .kt-row-column-wrap{column-gap:var(--global-kb-gap-md, 2rem);row-gap:var(--global-kb-gap-md, 2rem);padding-top:var(--global-kb-spacing-sm, 1.5rem);padding-bottom:var(--global-kb-spacing-sm, 1.5rem);grid-template-columns:minmax(0, 1fr);}.kb-row-layout-id_35d141-37 > .kt-row-layout-overlay{opacity:0.30;}@media all and (max-width: 1024px){.kb-row-layout-id_35d141-37 > .kt-row-column-wrap{grid-template-columns:minmax(0, 1fr);}}@media all and (max-width: 767px){.kb-row-layout-id_35d141-37 > .kt-row-column-wrap{grid-template-columns:minmax(0, 1fr);}}<\/style><div class=\"kb-row-layout-wrap kb-row-layout-id_35d141-37 alignnone wp-block-kadence-rowlayout\"><div class=\"kt-row-column-wrap kt-has-1-columns kt-row-layout-equal kt-tab-layout-inherit kt-mobile-layout-row kt-row-valign-top\">\n<style>.kadence-column_529efc-4b > .kt-inside-inner-col,.kadence-column_529efc-4b > .kt-inside-inner-col:before{border-top-left-radius:0px;border-top-right-radius:0px;border-bottom-right-radius:0px;border-bottom-left-radius:0px;}.kadence-column_529efc-4b > .kt-inside-inner-col{column-gap:var(--global-kb-gap-sm, 1rem);}.kadence-column_529efc-4b > .kt-inside-inner-col{flex-direction:column;}.kadence-column_529efc-4b > .kt-inside-inner-col > .aligncenter{width:100%;}.kadence-column_529efc-4b > .kt-inside-inner-col:before{opacity:0.3;}.kadence-column_529efc-4b{position:relative;}@media all and (max-width: 1024px){.kadence-column_529efc-4b > .kt-inside-inner-col{flex-direction:column;justify-content:center;}}@media all and (max-width: 767px){.kadence-column_529efc-4b > .kt-inside-inner-col{flex-direction:column;justify-content:center;}}<\/style>\n<div class=\"wp-block-kadence-column kadence-column_529efc-4b inner-column-1\"><div class=\"kt-inside-inner-col\">\n\t\t<!-- Shortcode: [eeSFL list=\"2\"] List Run: #1 -->\n\n<span id=\"eeSFL_FileListTop\"><!-- Simple File List Pro - File List Top --><\/span>\n\n<div class=\"eeSFL\" id=\"eeSFL\">\n<span class=\"eeHide\" id=\"eeSFL_ID\">2<\/span>\n\n<script>\n\tvar eeSFL_ThisURL = \"https:\/\/lund-sylt.de\/en\/wp-json\/wp\/v2\/pages\/812\";\n\tvar eeSFL_ListID = 2;\n\tvar eeSFL_PluginURL = \"https:\/\/lund-sylt.de\/wp-content\/plugins\/ee-simple-file-list-pro\/\";\n\tvar eeSFL_FileListDir = \"wp-content\/dateien\/offen\/\";\n\tvar eeSFL_SubFolder = \"\/\";\n\tvar eeSFL_ShortcodeFolder = \"\/\";\n\tvar eeSFL_ShowListStyle = \"FLEX\";\n<\/script>\n\n<form id=\"eeSFLS_SearchFiles\" action=\"https:\/\/lund-sylt.de\/en\/wp-json\/wp\/v2\/pages\/812\" method=\"POST\">\n\t\t\t\t\n\t\t\t<input type=\"hidden\" name=\"eeListID\" value=\"2\" \/>\n\t\t\t\t\n\t\t\t\t<input class=\"eeSFLS_Datepicker\" id=\"eeSFLS_From\" type=\"text\" placeholder=\"From\" name=\"eeSFLS_From\" value=\"\" size=\"8\" \/>\n\t\t\t\t\n\t\t\t\t<input class=\"eeSFLS_Datepicker\" id=\"eeSFLS_To\" type=\"text\" placeholder=\"To\" name=\"eeSFLS_To\" value=\"\" size=\"8\" \/>\t\n\t\t\t\t\n\t\t\t\t<input placeholder=\"Name or Description\" type=\"text\" name=\"eeSFLS_SearchByName\" value=\"\" id=\"eeSFLS_Search\" size=\"16\" \/>\n\t\t\t\t\n\t\t\t<input class=\"button\" type=\"submit\" name=\"eeSFLS_Searching\" value=\"Search Files\" \/>\n\t\t\t\t\n\t\t\t<\/form><div class=\"eeSFL_BulkDownloadBar\">\n\t\n\t<form action=\"https:\/\/lund-sylt.de\/en\/wp-json\/wp\/v2\/pages\/812\" method=\"POST\">\n\t\n\t<input type=\"hidden\" name=\"ee\" value=\"1\" \/>\n\t<input type=\"hidden\" name=\"eeListID\" value=\"2\" \/>\n\t<input type=\"hidden\" name=\"eeSFL_FileOpsAction\" value=\"Download\" \/>\n\t<input type=\"hidden\" id=\"eeSFL_FileOpsFiles\" name=\"eeSFL_FileOpsFiles\" value=\"\" \/><input type=\"hidden\" id=\"ee-simple-file-list-file-ops-bar-nonce\" name=\"ee-simple-file-list-file-ops-bar-nonce\" value=\"3fa7be9820\" \/><input type=\"hidden\" name=\"_wp_http_referer\" value=\"\/en\/wp-json\/wp\/v2\/pages\/812\" \/><label for=\"eeSFL_FileOpsActionInput\">Download Files<\/label><input required type=\"text\" id=\"eeSFL_FileOpsActionInput\" name=\"eeSFL_ZipFileName\" value=\"File Archive 2026-05-13-22-34\" \/>\n\t\n\t<input class=\"button\" type=\"submit\" id=\"eeSFL_ListOpsBarGo\" name=\"eeSFL_ListOpsBarGo\" value=\"GO\" \/>\n\t\t\n\t<br class=\"eeClearFix\" \/>\n\t\n\t<\/form>\n\t<\/div>\n\t<form action=\"https:\/\/lund-sylt.de\/en\/wp-json\/wp\/v2\/pages\/812\" method=\"POST\" id=\"eeSFL_DownloadFolderForm\"><input type=\"hidden\" id=\"ee-simple-file-list-zip-folder-nonce\" name=\"ee-simple-file-list-zip-folder-nonce\" value=\"459cd02135\" \/><input type=\"hidden\" name=\"_wp_http_referer\" value=\"\/en\/wp-json\/wp\/v2\/pages\/812\" \/><input type=\"hidden\" name=\"eeListID\" value=\"2\" \/>\n\t\t<input type=\"hidden\" id=\"eeSFL_FolderDownloadZipFileName\" name=\"eeSFL_ZipFileName\" value=\"\" \/>\n\t\t<input type=\"hidden\" name=\"eeSFL_FileOpsAction\" value=\"Download\" \/>\n\t\t<input type=\"hidden\" id=\"eeSFL_FolderToDownload\" name=\"eeSFL_FileOpsFiles\" value=\"\" \/>\n\t\t<input type=\"hidden\" name=\"eeSFL_DownloadFolderForm\" value=\"1\" \/>\n\t\t<input type=\"hidden\" name=\"ee\" value=\"1\" \/>\n\t\t<input type=\"hidden\" name=\"eeSFL_ListOpsBarGo\" value=\"GO\" \/>\n\t<\/form><p class=\"eeSFL_BulkEdit eeCentered\"><input type=\"checkbox\" id=\"eeSFL_BulkEditAll\" name=\"eeBulkEditAll\" value=\"YES\"\/> \n\t<label for=\"eeSFL_BulkEditAll\">Select All<\/label><\/p><section class=\"eeFiles eeSFL_Item\">\n\t\t\n\t\t<article id=\"eeSFL_FileID-0\" class=\"eeSFL_Item\">\n\t\t<span class=\"eeSFL_RealFileName eeHide\">Firmentext_Pressetext_DE-EN-2019.pdf<\/span>\n\t\t<span class=\"eeSFL_FileNiceName eeHide\"><\/span>\n\t\t<span class=\"eeSFL_FileMimeType eeHide\">application\/pdf<\/span>\n\t\t\n\t\t<div class=\"eeSFL_FlexRow\"><div class=\"eeSFL_Thumbnail\"><a href=\"https:\/\/lund-sylt.de\/wp-content\/dateien\/offen\/Firmentext_Pressetext_DE-EN-2019.pdf\"><img loading=\"lazy\" decoding=\"async\" src=\"https:\/\/lund-sylt.de\/wp-content\/plugins\/ee-simple-file-list-pro\/images\/thumbnails\/pdf.svg\" width=\"64\" height=\"64\" alt=\"Thumb\" \/><\/a><\/div>\n\t\t\n\t\t<div class=\"eeSFL_FileInfo\">\n\t\t\n\t\t<h4 class=\"eeSFL_FileLink\">\n\t\t\t<span class=\"eeSFL_BulkEdit\">\n\t\t\t\t<input type=\"checkbox\" id=\"eeSFL_BulkEdit_0\"  class=\"eeSFL_BulkEditCheck\" name=\"eeBulkEdit\" value=\"0\"\/><\/span> <a class=\"eeSFL_FileName\" href=\"https:\/\/lund-sylt.de\/wp-content\/dateien\/offen\/Firmentext_Pressetext_DE-EN-2019.pdf\" target=\"_blank\">Firmentext_Pressetext_DE-EN-2019.pdf<\/a><\/h4><p class=\"eeSFL_FileDesc \">Pressetext Cafe Lund<\/p><\/div>\n\t\t\n\t\t<div class=\"eeSFL_FileDetails\"><span class=\"eeSFL_FileSize\">34.78 KB<\/span><span class=\"eeSFL_FileDate\">03.04.2023<\/span>\n\t\t\n\t\t<\/div>\n\t\t<\/div>\n\t\t\n\t\t<div class=\"eeSFL_FileOps\">\n\t\t\n\t\t<small class=\"eeSFL_ListFileActions\">\n\t\t\t\t<a class=\"eeSFL_FileOpen\" href=\"https:\/\/lund-sylt.de\/wp-content\/dateien\/offen\/Firmentext_Pressetext_DE-EN-2019.pdf\" target=\"_blank\">Open<\/a>\n\t\t\t\t<a class=\"eeSFL_FileDownload\" href=\"https:\/\/lund-sylt.de\/wp-content\/dateien\/offen\/Firmentext_Pressetext_DE-EN-2019.pdf\" download=\"Firmentext_Pressetext_DE-EN-2019.pdf\">Download<\/a>\n\t\t\t\t<a class=\"eeSFL_CopyLinkToClipboard\" onclick=\"eeSFL_CopyLinkToClipboard('https:\/\/lund-sylt.de\/wp-content\/dateien\/offen\/Firmentext_Pressetext_DE-EN-2019.pdf')\" href=\"#\">Copy Link<\/a>\n\t\t\t\t\t<a href=\"\" onclick=\"eeSFLE_SendFile(0)\">Send<\/a>\n\t\t\n\t\t<span class=\"eeHide eeSFL_FileSize\">34.78 KB<\/span>\n\t\t<span class=\"eeHide eeSFL_FileDateAdded\">2023-05-24<\/span>\n\t\t<span class=\"eeHide eeSFL_FileDateAddedNice\">24.05.2023<\/span>\n\t\t<span class=\"eeHide eeSFL_FileDateChanged\">2023-04-03<\/span>\n\t\t<span class=\"eeHide eeSFL_FileDateChangedNice\">03.04.2023<\/span>\n\t\t\n\t\t<\/small>\n\t\t\n\t\t<\/div>\n\t\t\n\t\t\n\t\t<\/article><\/section>\n\n<p class=\"eeHide\"><span id=\"eeSFL_FilesCount\">1<\/span><\/p>\n\n<\/div><!-- END .eeSFL -->\n<span class=\"eeHide\" id=\"eeSFL_ActionNonce\">be16d6808f<\/span>\n<span class=\"eeHide\" id=\"eeSFL_Modal_FileID\"><\/span>\n\t\t\n\t\t<script>\n\t\t\tvar eeSFL_SendNonce = \"b0fd4c3398\";\n\t\t\tvar eeSFL_SendingSpinnerURL = \"https:\/\/lund-sylt.de\/wp-content\/plugins\/ee-simple-file-list-pro\/images\/sending.gif\";\n\t\t<\/script>\n\t\t\n\t\t<div class=\"eeSFL_Modal\" id=\"eeSFL_Modal_SendFiles\">\n\t\t<div class=\"eeSFL_ModalBackground\"><\/div>\n\t\t<div class=\"eeSFL_ModalBody\">\n\t\t\n\t\t\t<button id=\"eeSFL_Modal_Send_Close\" class=\"eeSFL_ModalClose\">&times;<\/button>\n\t\t\t\t\n\t\t\t<h1>Send Files by Email<\/h1>\n\t\t\t\n\t\t\t<p>Send an email with links to files. Add more files if needed.<\/p>\n\t\t\t\n\t\t\t<p id=\"eeSFLE_SendTheseFilesList\">Sending: <em><\/em><\/p>\n\t\t\t\n\t\t\t<form id=\"eeSFLE_SendFileForm\" action=\"https:\/\/lund-sylt.de\/en\/wp-json\/wp\/v2\/pages\/812\" method=\"POST\">\n\t\t\t\t\n\t\t\t\t<input type=\"hidden\" name=\"eeListID\" value=\"2\" \/>\n\t\t\t\t\n\t\t\t\t<fieldset id=\"eeSFLE_MessageDetials\">\n\t\t\t\n\t\t\t\t<h2>Message Details<\/h2>\n\t\t\t\t\t\t\n\t\t\t\t\t<label for=\"eeSFL_SendFrom\">Your Address<\/label>\n\t\t\t\t\t<input required type=\"email\" name=\"eeSFL_SendFrom\" value=\"\" size=\"64\" id=\"eeSFL_SendFrom\" \/>\n\t\t\t\t\t<small class=\"eeSFL_ModalNote\">Enter your email address.<\/small>\n\t\t\t\t\t\t\n\t\t\t\t\t<label for=\"eeSFL_SendTo\">The TO Address<\/label>\n\t\t\t\t\t<input required type=\"email\" name=\"eeSFL_SendTo\" value=\"\" size=\"64\" id=\"eeSFL_SendTo\" \/>\n\t\t\t\t\t<small class=\"eeSFL_ModalNote\">Enter the address to send the message to.<\/small>\n\t\t\t\t\t\t\n\t\t\t\t\t<label for=\"eeSFL_SendCc\">The CC Address<\/label>\n\t\t\t\t\t<input type=\"text\" name=\"eeSFL_SendCc\" value=\"\" size=\"64\" id=\"eeSFL_SendCc\" \/>\n\t\t\t\t\t<small class=\"eeSFL_ModalNote\">Enter an address to copy the message to.<\/small>\n\t\t\t\t\t\t\n\t\t\t\t\t<label for=\"eeSFL_SendSubject\">The Subject<\/label>\n\t\t\t\t\t<input type=\"text\" name=\"eeSFL_SendSubject\" value=\"\" size=\"64\" id=\"eeSFL_SendSubject\" \/>\n\t\t\t\t\t<small class=\"eeSFL_ModalNote\">Enter the email subject.<\/small>\n\t\t\t\t\t\t\n\t\t\t\t\t<label for=\"eeSFL_SendMessage\">The Message<\/label>\n\t\t\t\t\t<textarea name=\"eeSFL_SendMessage\" id=\"eeSFL_SendMessage\" cols=\"64\" rows=\"5\"><\/textarea>\n\t\t\t\t\t\t\n\t\t\t\t\t<br class=\"eeClear\" \/>\n\t\t\t\t\t\n\t\t\t\t\t<span id=\"SendFilesButton\">\n\t\t\t\t\t\t<button class=\"button\" onclick=\"eeSFLE_DoFileSend()\">Send<\/button>\n\t\t\t\t\t<\/span>\n\t\t\t\t\n\t\t\t\t<\/fieldset>\n\t\t\t\n\t\t\t<\/form>\n\t\t\n\t\t<\/div>\n\t\t<\/div>\n<\/div><\/div>\n\n<\/div><\/div>","protected":false},"excerpt":{"rendered":"<p>Presse Dies ist unser Servicebereich f\u00fcr die (lokale) Presse. Wir bieten eine umfassende Sammlung von Fotos zur Verwendung an, wobei einige ein Copyright unserer Fotografen haben, der \u00fcberwiegende Teil ist jedoch von uns selbst erstellt. Falls Sie Material ben\u00f6tigten: einfach anfragen, wir senden Ihnen gern das Kennwort. Neben gesch\u00fctzten Dateien stellen wir folgende Dateien auch&#8230;<\/p>","protected":false},"author":1,"featured_media":0,"parent":0,"menu_order":800,"comment_status":"closed","ping_status":"closed","template":"","meta":{"_seopress_robots_primary_cat":"","_seopress_titles_title":"","_seopress_titles_desc":"","_seopress_robots_index":"","_seopress_analysis_target_kw":"","_kad_blocks_custom_css":"","_kad_blocks_head_custom_js":"","_kad_blocks_body_custom_js":"","_kad_blocks_footer_custom_js":"","_kad_post_transparent":"","_kad_post_title":"","_kad_post_layout":"normal","_kad_post_sidebar_id":"","_kad_post_content_style":"","_kad_post_vertical_padding":"","_kad_post_feature":"","_kad_post_feature_position":"","_kad_post_header":false,"_kad_post_footer":false,"_kad_post_classname":"","footnotes":""},"class_list":["post-812","page","type-page","status-publish","hentry"],"taxonomy_info":[],"featured_image_src_large":false,"author_info":{"display_name":"SiteAdmin","author_link":"https:\/\/lund-sylt.de\/en\/author\/mtjslsah\/"},"comment_info":0,"_links":{"self":[{"href":"https:\/\/lund-sylt.de\/en\/wp-json\/wp\/v2\/pages\/812","targetHints":{"allow":["GET"]}}],"collection":[{"href":"https:\/\/lund-sylt.de\/en\/wp-json\/wp\/v2\/pages"}],"about":[{"href":"https:\/\/lund-sylt.de\/en\/wp-json\/wp\/v2\/types\/page"}],"author":[{"embeddable":true,"href":"https:\/\/lund-sylt.de\/en\/wp-json\/wp\/v2\/users\/1"}],"replies":[{"embeddable":true,"href":"https:\/\/lund-sylt.de\/en\/wp-json\/wp\/v2\/comments?post=812"}],"version-history":[{"count":20,"href":"https:\/\/lund-sylt.de\/en\/wp-json\/wp\/v2\/pages\/812\/revisions"}],"predecessor-version":[{"id":1049,"href":"https:\/\/lund-sylt.de\/en\/wp-json\/wp\/v2\/pages\/812\/revisions\/1049"}],"wp:attachment":[{"href":"https:\/\/lund-sylt.de\/en\/wp-json\/wp\/v2\/media?parent=812"}],"curies":[{"name":"wp","href":"https:\/\/api.w.org\/{rel}","templated":true}]}}