{"id":541,"date":"2022-11-16T16:10:03","date_gmt":"2022-11-16T15:10:03","guid":{"rendered":"https:\/\/lundsylt.de\/?page_id=541"},"modified":"2022-11-17T20:11:53","modified_gmt":"2022-11-17T19:11:53","slug":"jobs","status":"publish","type":"page","link":"https:\/\/lund-sylt.de\/en\/jobs\/","title":{"rendered":"Jobs"},"content":{"rendered":"<style>#kt-layout-id_192c6d-48 > .kt-row-column-wrap{align-content:start;}:where(#kt-layout-id_192c6d-48 > .kt-row-column-wrap) > .wp-block-kadence-column{justify-content:start;}#kt-layout-id_192c6d-48 > .kt-row-column-wrap{column-gap:var(--global-kb-gap-md, 2rem);row-gap:var(--global-kb-gap-md, 2rem);padding-top:var( --global-kb-row-default-top, 25px );padding-bottom:var( --global-kb-row-default-bottom, 25px );padding-top:50px;grid-template-columns:minmax(0, 1fr);}#kt-layout-id_192c6d-48 > .kt-row-layout-overlay{opacity:0.30;}@media all and (max-width: 1024px){#kt-layout-id_192c6d-48 > .kt-row-column-wrap{grid-template-columns:minmax(0, 1fr);}}@media all and (max-width: 767px){#kt-layout-id_192c6d-48 > .kt-row-column-wrap{grid-template-columns:minmax(0, 1fr);}}<\/style>\n<div class=\"wp-block-kadence-rowlayout alignnone\"><div id=\"kt-layout-id_192c6d-48\" class=\"kt-row-layout-inner kt-layout-id_192c6d-48\"><div class=\"kt-row-column-wrap kt-has-1-columns kt-gutter-default kt-v-gutter-default kt-row-valign-top kt-row-layout-equal kt-tab-layout-inherit kt-m-colapse-left-to-right kt-mobile-layout-row\"><style>.kadence-column_806cce-88 > .kt-inside-inner-col{border-top-width:0px;border-right-width:0px;border-bottom-width:0px;border-left-width:0px;}.kadence-column_806cce-88 > .kt-inside-inner-col,.kadence-column_806cce-88 > .kt-inside-inner-col:before{border-top-left-radius:0px;border-top-right-radius:0px;border-bottom-right-radius:0px;border-bottom-left-radius:0px;}.kadence-column_806cce-88 > .kt-inside-inner-col{column-gap:var(--global-kb-gap-sm, 1rem);}.kadence-column_806cce-88 > .kt-inside-inner-col{flex-direction:column;}.kadence-column_806cce-88 > .kt-inside-inner-col > .aligncenter{width:100%;}.kadence-column_806cce-88 > .kt-inside-inner-col:before{opacity:0.3;}.kadence-column_806cce-88{position:relative;}@media all and (max-width: 1024px){.kadence-column_806cce-88 > .kt-inside-inner-col{flex-direction:column;justify-content:center;}}@media all and (max-width: 767px){.kadence-column_806cce-88 > .kt-inside-inner-col{flex-direction:column;justify-content:center;}}<\/style>\n<div class=\"wp-block-kadence-column inner-column-1 kadence-column_806cce-88\"><div class=\"kt-inside-inner-col\"><style>.wp-block-kadence-advancedheading.kt-adv-heading_a38da1-83, .wp-block-kadence-advancedheading.kt-adv-heading_a38da1-83[data-kb-block=\"kb-adv-heading_a38da1-83\"]{text-align:center;font-style:normal;}.wp-block-kadence-advancedheading.kt-adv-heading_a38da1-83 mark.kt-highlight, .wp-block-kadence-advancedheading.kt-adv-heading_a38da1-83[data-kb-block=\"kb-adv-heading_a38da1-83\"] mark.kt-highlight{font-style:normal;color:#f76a0c;-webkit-box-decoration-break:clone;box-decoration-break:clone;padding-top:0px;padding-right:0px;padding-bottom:0px;padding-left:0px;}.wp-block-kadence-advancedheading.kt-adv-heading_a38da1-83 img.kb-inline-image, .wp-block-kadence-advancedheading.kt-adv-heading_a38da1-83[data-kb-block=\"kb-adv-heading_a38da1-83\"] img.kb-inline-image{width:150px;vertical-align:baseline;}<\/style>\n<h1 class=\"kt-adv-heading_a38da1-83 wp-block-kadence-advancedheading\" data-kb-block=\"kb-adv-heading_a38da1-83\">Ihr m\u00f6chtet bei uns arbeiten?<br>F\u00fcr eine Saison, oder auch l\u00e4nger?<\/h1>\n\n\n<style>#kt-layout-id_338bdd-74 > .kt-row-column-wrap{align-content:start;}:where(#kt-layout-id_338bdd-74 > .kt-row-column-wrap) > .wp-block-kadence-column{justify-content:start;}#kt-layout-id_338bdd-74 > .kt-row-column-wrap{column-gap:var(--global-kb-gap-md, 2rem);row-gap:var(--global-kb-gap-md, 2rem);padding-top:var( --global-kb-row-default-top, 25px );padding-bottom:var( --global-kb-row-default-bottom, 25px );padding-bottom:50px;grid-template-columns:minmax(0, 1fr);}#kt-layout-id_338bdd-74 > .kt-row-layout-overlay{opacity:0.30;}@media all and (max-width: 1024px){#kt-layout-id_338bdd-74 > .kt-row-column-wrap{grid-template-columns:minmax(0, 1fr);}}@media all and (max-width: 767px){#kt-layout-id_338bdd-74 > .kt-row-column-wrap{grid-template-columns:minmax(0, 1fr);}}<\/style>\n<div class=\"wp-block-kadence-rowlayout alignnone\"><div id=\"kt-layout-id_338bdd-74\" class=\"kt-row-layout-inner kt-layout-id_338bdd-74\"><div class=\"kt-row-column-wrap kt-has-1-columns kt-gutter-default kt-v-gutter-default kt-row-valign-top kt-row-layout-equal kt-tab-layout-inherit kt-m-colapse-left-to-right kt-mobile-layout-row\"><style>.kadence-column_132c69-cf > .kt-inside-inner-col{padding-left:25px;padding-right:25px;}.kadence-column_132c69-cf > .kt-inside-inner-col{border-top-width:0px;border-right-width:0px;border-bottom-width:0px;border-left-width:0px;}.kadence-column_132c69-cf > .kt-inside-inner-col,.kadence-column_132c69-cf > .kt-inside-inner-col:before{border-top-left-radius:0px;border-top-right-radius:0px;border-bottom-right-radius:0px;border-bottom-left-radius:0px;}.kadence-column_132c69-cf > .kt-inside-inner-col{column-gap:var(--global-kb-gap-sm, 1rem);}.kadence-column_132c69-cf > .kt-inside-inner-col{flex-direction:column;}.kadence-column_132c69-cf > .kt-inside-inner-col > .aligncenter{width:100%;}.kadence-column_132c69-cf > .kt-inside-inner-col:before{opacity:0.3;}.kadence-column_132c69-cf{position:relative;}@media all and (max-width: 1024px){.kadence-column_132c69-cf > .kt-inside-inner-col{flex-direction:column;justify-content:center;}}@media all and (max-width: 767px){.kadence-column_132c69-cf > .kt-inside-inner-col{flex-direction:column;justify-content:center;}}<\/style>\n<div class=\"wp-block-kadence-column inner-column-1 kadence-column_132c69-cf\"><div class=\"kt-inside-inner-col\">\n<hr class=\"wp-block-separator has-alpha-channel-opacity is-style-wide rot\"\/>\n\n\n\t<div class=\"awsm-job-wrap\">\n\n\t\t\n\t\t<div class=\"awsm-job-listings awsm-row awsm-grid-col-3\" data-listings=\"20\" data-specs=\"|orderby:title ASC\" data-loadmore=\"no\" data-jstatus=\"publish\">\n\t\t\t\t\t<div class=\"awsm-job-listing-item awsm-grid-item\" id=\"awsm-grid-item-728\">\t\t<a href=\"https:\/\/lund-sylt.de\/en\/job\/baecker-in-m-w-d\/\" class=\"awsm-job-item\">\t\t\t<div class=\"awsm-grid-left-col\">\n\t\t\t\t\n\t\t\t\t\n\t\t\t\t<h2 class=\"awsm-job-post-title\">\n\t\t\t\t\tB\u00e4cker\/in (m\/w\/d)\t\t\t\t<\/h2>\n\n\t\t\t\t\t\t\t<\/div>\n\n\t\t\t<div class=\"awsm-grid-right-col\">\n\t\t\t\t<div class=\"awsm-job-specification-wrapper\"><div class=\"awsm-job-specification-item awsm-job-specification-job-type\"><i class=\"awsm-job-icon-clock-o\"><\/i><span class=\"awsm-job-specification-term\">Aushilfe<\/span> <span class=\"awsm-job-specification-term\">Teilzeit<\/span> <span class=\"awsm-job-specification-term\">Vollzeit<\/span> <\/div><\/div><div class=\"awsm-job-more-container\"><span class=\"awsm-job-more\">Details ansehen ... und bewerben <span><\/span><\/span><\/div>\t\t\t<\/div>\n\t\t<\/a>\t<\/div><div class=\"awsm-job-listing-item awsm-grid-item\" id=\"awsm-grid-item-726\">\t\t<a href=\"https:\/\/lund-sylt.de\/en\/job\/hilfskraft-spueler-in-m-w-d\/\" class=\"awsm-job-item\">\t\t\t<div class=\"awsm-grid-left-col\">\n\t\t\t\t\n\t\t\t\t\n\t\t\t\t<h2 class=\"awsm-job-post-title\">\n\t\t\t\t\tHilfskraft \/ Sp\u00fcler\/in (m\/w\/d)\t\t\t\t<\/h2>\n\n\t\t\t\t\t\t\t<\/div>\n\n\t\t\t<div class=\"awsm-grid-right-col\">\n\t\t\t\t<div class=\"awsm-job-specification-wrapper\"><div class=\"awsm-job-specification-item awsm-job-specification-job-type\"><i class=\"awsm-job-icon-clock-o\"><\/i><span class=\"awsm-job-specification-term\">Aushilfe<\/span> <span class=\"awsm-job-specification-term\">Teilzeit<\/span> <\/div><\/div><div class=\"awsm-job-more-container\"><span class=\"awsm-job-more\">Details ansehen ... und bewerben <span><\/span><\/span><\/div>\t\t\t<\/div>\n\t\t<\/a>\t<\/div><div class=\"awsm-job-listing-item awsm-grid-item\" id=\"awsm-grid-item-729\">\t\t<a href=\"https:\/\/lund-sylt.de\/en\/job\/konditor-m-w-d\/\" class=\"awsm-job-item\">\t\t\t<div class=\"awsm-grid-left-col\">\n\t\t\t\t\n\t\t\t\t\n\t\t\t\t<h2 class=\"awsm-job-post-title\">\n\t\t\t\t\tKonditor (m\/w\/d)\t\t\t\t<\/h2>\n\n\t\t\t\t\t\t\t<\/div>\n\n\t\t\t<div class=\"awsm-grid-right-col\">\n\t\t\t\t<div class=\"awsm-job-specification-wrapper\"><div class=\"awsm-job-specification-item awsm-job-specification-job-type\"><i class=\"awsm-job-icon-clock-o\"><\/i><span class=\"awsm-job-specification-term\">Aushilfe<\/span> <span class=\"awsm-job-specification-term\">Teilzeit<\/span> <span class=\"awsm-job-specification-term\">Vollzeit<\/span> <\/div><\/div><div class=\"awsm-job-more-container\"><span class=\"awsm-job-more\">Details ansehen ... und bewerben <span><\/span><\/span><\/div>\t\t\t<\/div>\n\t\t<\/a>\t<\/div><div class=\"awsm-job-listing-item awsm-grid-item\" id=\"awsm-grid-item-727\">\t\t<a href=\"https:\/\/lund-sylt.de\/en\/job\/servicekraft-m-w-d\/\" class=\"awsm-job-item\">\t\t\t<div class=\"awsm-grid-left-col\">\n\t\t\t\t\n\t\t\t\t\n\t\t\t\t<h2 class=\"awsm-job-post-title\">\n\t\t\t\t\tServicekraft (m\/w\/d)\t\t\t\t<\/h2>\n\n\t\t\t\t\t\t\t<\/div>\n\n\t\t\t<div class=\"awsm-grid-right-col\">\n\t\t\t\t<div class=\"awsm-job-specification-wrapper\"><div class=\"awsm-job-specification-item awsm-job-specification-job-type\"><i class=\"awsm-job-icon-clock-o\"><\/i><span class=\"awsm-job-specification-term\">Aushilfe<\/span> <span class=\"awsm-job-specification-term\">Teilzeit<\/span> <span class=\"awsm-job-specification-term\">Vollzeit<\/span> <\/div><\/div><div class=\"awsm-job-more-container\"><span class=\"awsm-job-more\">Details ansehen ... und bewerben <span><\/span><\/span><\/div>\t\t\t<\/div>\n\t\t<\/a>\t<\/div><div class=\"awsm-job-listing-item awsm-grid-item\" id=\"awsm-grid-item-725\">\t\t<a href=\"https:\/\/lund-sylt.de\/en\/job\/verkaeufer-in-m-w-d\/\" class=\"awsm-job-item\">\t\t\t<div class=\"awsm-grid-left-col\">\n\t\t\t\t\n\t\t\t\t\n\t\t\t\t<h2 class=\"awsm-job-post-title\">\n\t\t\t\t\tVerk\u00e4ufer\/in (m\/w\/d)\t\t\t\t<\/h2>\n\n\t\t\t\t\t\t\t<\/div>\n\n\t\t\t<div class=\"awsm-grid-right-col\">\n\t\t\t\t<div class=\"awsm-job-specification-wrapper\"><div class=\"awsm-job-specification-item awsm-job-specification-job-type\"><i class=\"awsm-job-icon-clock-o\"><\/i><span class=\"awsm-job-specification-term\">Teilzeit<\/span> <span class=\"awsm-job-specification-term\">Vollzeit<\/span> <\/div><\/div><div class=\"awsm-job-more-container\"><span class=\"awsm-job-more\">Details ansehen ... und bewerben <span><\/span><\/span><\/div>\t\t\t<\/div>\n\t\t<\/a>\t<\/div>\t\t\t\t<\/div>\n\t<\/div>\n\n\n\n\n<hr class=\"wp-block-separator has-alpha-channel-opacity is-style-wide rot\"\/>\n<\/div><\/div>\n<\/div><\/div><\/div>\n\n\n<style>#kt-layout-id_6cf113-e5 > .kt-row-column-wrap{align-content:start;}:where(#kt-layout-id_6cf113-e5 > .kt-row-column-wrap) > .wp-block-kadence-column{justify-content:start;}#kt-layout-id_6cf113-e5 > .kt-row-column-wrap{column-gap:var(--global-kb-gap-none, 0rem );row-gap:var(--global-kb-gap-md, 2rem);padding-top:var( --global-kb-row-default-top, 25px );padding-bottom:var( --global-kb-row-default-bottom, 25px );padding-top:0px;padding-bottom:0px;padding-left:0px;padding-right:0px;grid-template-columns:repeat(2, minmax(0, 1fr));}#kt-layout-id_6cf113-e5{background-image:url('https:\/\/lund-sylt.de\/wp-content\/uploads\/Lund-BG-Wellen-klein.png');background-size:auto;background-position:center center;background-attachment:scroll;background-repeat:repeat;}#kt-layout-id_6cf113-e5 > .kt-row-layout-overlay{opacity:0.30;}@media all and (max-width: 1024px){#kt-layout-id_6cf113-e5 > .kt-row-column-wrap{grid-template-columns:minmax(0, 1fr);}}@media all and (max-width: 767px){#kt-layout-id_6cf113-e5 > .kt-row-column-wrap{grid-template-columns:minmax(0, 1fr);}}<\/style>\n<div class=\"wp-block-kadence-rowlayout alignnone\"><div id=\"kt-layout-id_6cf113-e5\" class=\"kt-row-layout-inner kt-row-has-bg kt-layout-id_6cf113-e5\"><div class=\"kt-row-column-wrap kt-has-2-columns kt-gutter-none kt-v-gutter-default kt-row-valign-top kt-row-layout-equal kt-tab-layout-row kt-m-colapse-left-to-right kt-mobile-layout-row\"><style>.kadence-column_b62090-f5 > .kt-inside-inner-col{padding-left:25px;padding-right:25px;}.kadence-column_b62090-f5 > .kt-inside-inner-col{border-top-width:0px;border-right-width:0px;border-bottom-width:0px;border-left-width:0px;}.kadence-column_b62090-f5 > .kt-inside-inner-col,.kadence-column_b62090-f5 > .kt-inside-inner-col:before{border-top-left-radius:0px;border-top-right-radius:0px;border-bottom-right-radius:0px;border-bottom-left-radius:0px;}.kadence-column_b62090-f5 > .kt-inside-inner-col{column-gap:var(--global-kb-gap-sm, 1rem);}.kadence-column_b62090-f5 > .kt-inside-inner-col{flex-direction:column;}.kadence-column_b62090-f5 > .kt-inside-inner-col > .aligncenter{width:100%;}.kadence-column_b62090-f5 > .kt-inside-inner-col{background-color:var(--global-palette9, #ffffff);}.kadence-column_b62090-f5 > .kt-inside-inner-col:before{opacity:0.3;}.kadence-column_b62090-f5{position:relative;}@media all and (max-width: 1024px){.kadence-column_b62090-f5 > .kt-inside-inner-col{flex-direction:column;justify-content:center;}}@media all and (max-width: 767px){.kadence-column_b62090-f5 > .kt-inside-inner-col{flex-direction:column;justify-content:center;}}<\/style>\n<div class=\"wp-block-kadence-column inner-column-1 kadence-column_b62090-f5\"><div class=\"kt-inside-inner-col\"><style>.wp-block-kadence-advancedheading.kt-adv-heading_19b803-6f, .wp-block-kadence-advancedheading.kt-adv-heading_19b803-6f[data-kb-block=\"kb-adv-heading_19b803-6f\"]{font-style:normal;}.wp-block-kadence-advancedheading.kt-adv-heading_19b803-6f mark.kt-highlight, .wp-block-kadence-advancedheading.kt-adv-heading_19b803-6f[data-kb-block=\"kb-adv-heading_19b803-6f\"] mark.kt-highlight{font-style:normal;color:#f76a0c;-webkit-box-decoration-break:clone;box-decoration-break:clone;padding-top:0px;padding-right:0px;padding-bottom:0px;padding-left:0px;}.wp-block-kadence-advancedheading.kt-adv-heading_19b803-6f img.kb-inline-image, .wp-block-kadence-advancedheading.kt-adv-heading_19b803-6f[data-kb-block=\"kb-adv-heading_19b803-6f\"] img.kb-inline-image{width:150px;vertical-align:baseline;}<\/style>\n<h2 class=\"kt-adv-heading_19b803-6f wp-block-kadence-advancedheading\" data-kb-block=\"kb-adv-heading_19b803-6f\">Zimmer oder Wohnung in H\u00f6rnum<\/h2>\n\n\n\n<p>F\u00fcr die erste Unterkunft k\u00f6nnen wir immer sorgen, entweder im hauseigenen Personalzimmer oder bei bekannten im Dorf. Unsere Personalzimmer sind einfach ausgestattet mit Bett, Tisch Stuhl, Schrank, kostenloser Internetzugang (Wifi) und Fernseher. Bad und Dusche werden mit anderen Bewohnern geteilt. Daf\u00fcr berechnen wir nur den vorgeschrieben Regelsatz.<\/p>\n\n\n\n<p>F\u00fcr unsere Mitarbeiter stehen kostenlose Waschm\u00f6glichkeiten, Fr\u00fchst\u00fcck und ein Gemeinschaftsraum zum kochen mit Sky-Fernsehanschluss zur Verf\u00fcgung. Gerne sind wir immer bei der Wohnungssuche in H\u00f6rnum behilflich.<\/p>\n\n\n<style>.wp-block-kadence-advancedheading.kt-adv-heading_305a7a-b7, .wp-block-kadence-advancedheading.kt-adv-heading_305a7a-b7[data-kb-block=\"kb-adv-heading_305a7a-b7\"]{font-style:normal;}.wp-block-kadence-advancedheading.kt-adv-heading_305a7a-b7 mark.kt-highlight, .wp-block-kadence-advancedheading.kt-adv-heading_305a7a-b7[data-kb-block=\"kb-adv-heading_305a7a-b7\"] mark.kt-highlight{font-style:normal;color:#f76a0c;-webkit-box-decoration-break:clone;box-decoration-break:clone;padding-top:0px;padding-right:0px;padding-bottom:0px;padding-left:0px;}.wp-block-kadence-advancedheading.kt-adv-heading_305a7a-b7 img.kb-inline-image, .wp-block-kadence-advancedheading.kt-adv-heading_305a7a-b7[data-kb-block=\"kb-adv-heading_305a7a-b7\"] img.kb-inline-image{width:150px;vertical-align:baseline;}<\/style>\n<h2 class=\"kt-adv-heading_305a7a-b7 wp-block-kadence-advancedheading\" data-kb-block=\"kb-adv-heading_305a7a-b7\">Wissenswertes zu H\u00f6rnum auf Sylt<\/h2>\n\n\n\n<p>\u00f6rnum ist ein kleiner Ferienort mit ca. 900 Einwohnern am S\u00fcdlichsten Zipfel der Insel Sylt. Hier gibt es alles was man so braucht. Ein Supermarkt. ein B\u00e4cker und eine Kneipe.<\/p>\n\n\n\n<p>Zu Fuss ist man immer in ca. 10 min am Strand und das in alle Himmelsrichtungen ausser nach Norden, da f\u00fchrt die Hauptstra\u00dfe in die Insel-Metropole Westerland.<\/p>\n\n\n\n<p>H\u00f6rnum bietet Platz f\u00fcr alle m\u00f6glichen Arten von Wassersport (Surfen, Kite, SUP und Schwimmen), Wandern, Radfahren und Angeln.<\/p>\n\n\n<style>.wp-block-kadence-advancedheading.kt-adv-heading_87c0a0-77, .wp-block-kadence-advancedheading.kt-adv-heading_87c0a0-77[data-kb-block=\"kb-adv-heading_87c0a0-77\"]{font-style:normal;}.wp-block-kadence-advancedheading.kt-adv-heading_87c0a0-77 mark.kt-highlight, .wp-block-kadence-advancedheading.kt-adv-heading_87c0a0-77[data-kb-block=\"kb-adv-heading_87c0a0-77\"] mark.kt-highlight{font-style:normal;color:#f76a0c;-webkit-box-decoration-break:clone;box-decoration-break:clone;padding-top:0px;padding-right:0px;padding-bottom:0px;padding-left:0px;}.wp-block-kadence-advancedheading.kt-adv-heading_87c0a0-77 img.kb-inline-image, .wp-block-kadence-advancedheading.kt-adv-heading_87c0a0-77[data-kb-block=\"kb-adv-heading_87c0a0-77\"] img.kb-inline-image{width:150px;vertical-align:baseline;}<\/style>\n<h2 class=\"kt-adv-heading_87c0a0-77 wp-block-kadence-advancedheading\" data-kb-block=\"kb-adv-heading_87c0a0-77\">N\u00fctzliche Adressen<\/h2>\n\n\n<style>.wp-block-kadence-advancedheading.kt-adv-heading_0890a6-8d, .wp-block-kadence-advancedheading.kt-adv-heading_0890a6-8d[data-kb-block=\"kb-adv-heading_0890a6-8d\"]{font-style:normal;}.wp-block-kadence-advancedheading.kt-adv-heading_0890a6-8d mark.kt-highlight, .wp-block-kadence-advancedheading.kt-adv-heading_0890a6-8d[data-kb-block=\"kb-adv-heading_0890a6-8d\"] mark.kt-highlight{font-style:normal;color:#f76a0c;-webkit-box-decoration-break:clone;box-decoration-break:clone;padding-top:0px;padding-right:0px;padding-bottom:0px;padding-left:0px;}.wp-block-kadence-advancedheading.kt-adv-heading_0890a6-8d img.kb-inline-image, .wp-block-kadence-advancedheading.kt-adv-heading_0890a6-8d[data-kb-block=\"kb-adv-heading_0890a6-8d\"] img.kb-inline-image{width:150px;vertical-align:baseline;}.wp-block-kadence-advancedheading.kt-adv-heading_0890a6-8d[data-kb-block=\"kb-adv-heading_0890a6-8d\"] a, .kt-adv-heading-link_0890a6-8d, .kt-adv-heading-link_0890a6-8d .kt-adv-heading_0890a6-8d[data-kb-block=\"kb-adv-heading_0890a6-8d\"]{color:var(--global-palette2, #2B6CB0);}.wp-block-kadence-advancedheading.kt-adv-heading_0890a6-8d[data-kb-block=\"kb-adv-heading_0890a6-8d\"] a:hover, .kt-adv-heading-link_0890a6-8d:hover, .kt-adv-heading-link_0890a6-8d:hover .kt-adv-heading_0890a6-8d[data-kb-block=\"kb-adv-heading_0890a6-8d\"]{color:var(--global-palette2, #2B6CB0);}.wp-block-kadence-advancedheading.kt-adv-heading_0890a6-8d[data-kb-block=\"kb-adv-heading_0890a6-8d\"] a, a.kb-advanced-heading-link.kt-adv-heading-link_0890a6-8d{text-decoration:none;}.wp-block-kadence-advancedheading.kt-adv-heading_0890a6-8d[data-kb-block=\"kb-adv-heading_0890a6-8d\"] a:hover, a.kb-advanced-heading-link.kt-adv-heading-link_0890a6-8d:hover{text-decoration:underline;}<\/style>\n<p class=\"kt-adv-heading_0890a6-8d wp-block-kadence-advancedheading hls-hover_underline\" data-kb-block=\"kb-adv-heading_0890a6-8d\"><a href=\"http:\/\/www.hoernum.de\/\" target=\"_blank\" rel=\"noreferrer noopener\">Gemeinde H\u00f6rnum<\/a><br>SVG <a href=\"https:\/\/www.svg-busreisen.de\/fahrplaene\/fahrplaene\/linie-2\/\" target=\"_blank\" rel=\"noreferrer noopener\">Busfahrplan<\/a><br><a href=\"https:\/\/de.wikipedia.org\/wiki\/H%C3%B6rnum_(Sylt)\" target=\"_blank\" rel=\"noreferrer noopener\">H\u00f6rnum<\/a> auf Wikipedia<\/p>\n<\/div><\/div>\n\n\n<style>.kadence-column_758996-54 > .kt-inside-inner-col{display:flex;}.kadence-column_758996-54 > .kt-inside-inner-col{border-top-width:0px;border-right-width:0px;border-bottom-width:0px;border-left-width:0px;}.kadence-column_758996-54 > .kt-inside-inner-col,.kadence-column_758996-54 > .kt-inside-inner-col:before{border-top-left-radius:0px;border-top-right-radius:0px;border-bottom-right-radius:0px;border-bottom-left-radius:0px;}.kadence-column_758996-54 > .kt-inside-inner-col{column-gap:var(--global-kb-gap-sm, 1rem);}.kadence-column_758996-54 > .kt-inside-inner-col{flex-direction:column;justify-content:center;}.kadence-column_758996-54 > .kt-inside-inner-col > .aligncenter{width:100%;}.kt-row-column-wrap > .kadence-column_758996-54{align-self:center;}.kt-inner-column-height-full:not(.kt-has-1-columns) > .wp-block-kadence-column.kadence-column_758996-54{align-self:auto;}.kt-inner-column-height-full:not(.kt-has-1-columns) > .wp-block-kadence-column.kadence-column_758996-54 > .kt-inside-inner-col{flex-direction:column;justify-content:center;}.kadence-column_758996-54 > .kt-inside-inner-col:before{opacity:0.3;}.kadence-column_758996-54{position:relative;}@media all and (max-width: 1024px){.kt-row-column-wrap > .kadence-column_758996-54{align-self:center;}}@media all and (max-width: 1024px){.kt-inner-column-height-full:not(.kt-has-1-columns) > .wp-block-kadence-column.kadence-column_758996-54{align-self:auto;}}@media all and (max-width: 1024px){.kt-inner-column-height-full:not(.kt-has-1-columns) > .wp-block-kadence-column.kadence-column_758996-54 > .kt-inside-inner-col{flex-direction:column;justify-content:center;}}@media all and (max-width: 1024px){.kadence-column_758996-54 > .kt-inside-inner-col{flex-direction:column;justify-content:center;}}@media all and (max-width: 767px){.kt-row-column-wrap > .kadence-column_758996-54{align-self:center;}.kt-inner-column-height-full:not(.kt-has-1-columns) > .wp-block-kadence-column.kadence-column_758996-54{align-self:auto;}.kt-inner-column-height-full:not(.kt-has-1-columns) > .wp-block-kadence-column.kadence-column_758996-54 > .kt-inside-inner-col{flex-direction:column;justify-content:center;}.kadence-column_758996-54 > .kt-inside-inner-col{flex-direction:column;justify-content:center;}}<\/style>\n<div class=\"wp-block-kadence-column inner-column-2 kadence-column_758996-54\"><div class=\"kt-inside-inner-col\"><style>.kb-image_cb0eec-ed .kb-image-has-overlay:after{opacity:0.3;}<\/style>\n<div class=\"wp-block-kadence-image kb-image_cb0eec-ed\" data-aos=\"fade-up\" data-aos-offset=\"300\" data-aos-duration=\"3000\" data-aos-delay=\"500\"><figure class=\"aligncenter size-large\"><img loading=\"lazy\" decoding=\"async\" width=\"375\" height=\"1024\" src=\"https:\/\/lund-sylt.de\/wp-content\/uploads\/Lund-Sylt-Leuchtturm-375x1024.png\" alt=\"\" class=\"kb-img wp-image-89\" srcset=\"https:\/\/lund-sylt.de\/wp-content\/uploads\/Lund-Sylt-Leuchtturm-375x1024.png 375w, https:\/\/lund-sylt.de\/wp-content\/uploads\/Lund-Sylt-Leuchtturm-110x300.png 110w, https:\/\/lund-sylt.de\/wp-content\/uploads\/Lund-Sylt-Leuchtturm.png 412w\" sizes=\"auto, (max-width: 375px) 100vw, 375px\" \/><\/figure><\/div>\n<\/div><\/div>\n<\/div><\/div><\/div>\n<\/div><\/div>\n<\/div><\/div><\/div>\n","protected":false},"excerpt":{"rendered":"<p>Ihr m\u00f6chtet bei uns arbeiten?F\u00fcr eine Saison, oder auch l\u00e4nger? Zimmer oder Wohnung in H\u00f6rnum F\u00fcr die erste Unterkunft k\u00f6nnen wir immer sorgen, entweder im hauseigenen Personalzimmer oder bei bekannten im Dorf. Unsere Personalzimmer sind einfach ausgestattet mit Bett, Tisch Stuhl, Schrank, kostenloser Internetzugang (Wifi) und Fernseher. Bad und Dusche werden mit anderen Bewohnern geteilt&#8230;.<\/p>","protected":false},"author":1,"featured_media":0,"parent":0,"menu_order":290,"comment_status":"closed","ping_status":"closed","template":"","meta":{"_seopress_robots_primary_cat":"","_seopress_titles_title":"","_seopress_titles_desc":"","_seopress_robots_index":"","_seopress_analysis_target_kw":"","_kad_blocks_custom_css":"","_kad_blocks_head_custom_js":"","_kad_blocks_body_custom_js":"","_kad_blocks_footer_custom_js":"","_kad_post_transparent":"","_kad_post_title":"","_kad_post_layout":"","_kad_post_sidebar_id":"","_kad_post_content_style":"","_kad_post_vertical_padding":"","_kad_post_feature":"","_kad_post_feature_position":"","_kad_post_header":false,"_kad_post_footer":false,"_kad_post_classname":"","footnotes":""},"class_list":["post-541","page","type-page","status-publish","hentry"],"taxonomy_info":[],"featured_image_src_large":false,"author_info":{"display_name":"SiteAdmin","author_link":"https:\/\/lund-sylt.de\/en\/author\/mtjslsah\/"},"comment_info":0,"_links":{"self":[{"href":"https:\/\/lund-sylt.de\/en\/wp-json\/wp\/v2\/pages\/541","targetHints":{"allow":["GET"]}}],"collection":[{"href":"https:\/\/lund-sylt.de\/en\/wp-json\/wp\/v2\/pages"}],"about":[{"href":"https:\/\/lund-sylt.de\/en\/wp-json\/wp\/v2\/types\/page"}],"author":[{"embeddable":true,"href":"https:\/\/lund-sylt.de\/en\/wp-json\/wp\/v2\/users\/1"}],"replies":[{"embeddable":true,"href":"https:\/\/lund-sylt.de\/en\/wp-json\/wp\/v2\/comments?post=541"}],"version-history":[{"count":22,"href":"https:\/\/lund-sylt.de\/en\/wp-json\/wp\/v2\/pages\/541\/revisions"}],"predecessor-version":[{"id":751,"href":"https:\/\/lund-sylt.de\/en\/wp-json\/wp\/v2\/pages\/541\/revisions\/751"}],"wp:attachment":[{"href":"https:\/\/lund-sylt.de\/en\/wp-json\/wp\/v2\/media?parent=541"}],"curies":[{"name":"wp","href":"https:\/\/api.w.org\/{rel}","templated":true}]}}