{"id":12,"date":"2022-06-30T07:08:47","date_gmt":"2022-06-30T05:08:47","guid":{"rendered":"https:\/\/lund-dev.lex-generalis.digital\/?page_id=12"},"modified":"2024-02-25T10:25:10","modified_gmt":"2024-02-25T09:25:10","slug":"impressum","status":"publish","type":"page","link":"https:\/\/lund-sylt.de\/en\/impressum\/","title":{"rendered":"Legal Notice"},"content":{"rendered":"<!-- Legal document generated by Complianz | GDPR\/CCPA Cookie Consent https:\/\/wordpress.org\/plugins\/complianz-gdpr -->\n<div id=\"cmplz-document\" class=\"cmplz-document impressum cmplz-document-all\"><p><i>This imprint was last updated on 14.12.2024.<\/i><\/p><p class=\"cmplz-subtitle\">The owner of this website is:<\/p><p>Lund Sylt \u2013 Caf\u00e9 | Restaurant | B\u00e4ckerei | Konditorei | S\u00f6lring Iskreem <br>Jens Lund<br \/>\nRantumer Str. 1-3<br \/>\n25997 H\u00f6rnum (Sylt)<br>Germany<br>Email:&nbsp;<span class=\"cmplz-obfuscate\">in&#102;&#111;@<span class=\"cmplz-fmail-domain\">&#101;&#120;&#046;c&#111;&#109;<\/span>&#099;&#097;&#102;e&#045;&#108;&#117;&#110;&#100;.&#100;&#101;<\/span><br>Phone number: 04651881034<br>VAT ID:&nbsp;DE343990467<\/p><p class=\"cmplz-subtitle\">The legal representative(s) of Lund Sylt \u2013 Caf\u00e9 | Restaurant | B\u00e4ckerei | Konditorei | S\u00f6lring Iskreem :<\/p><p>Jens Lund<\/p><h2>1. General<\/h2><p>We are not willing or obliged to participate in dispute resolution procedures before a consumer arbitration board.<\/p><h2>2. The following information is mandatory according to German law.<\/h2><\/div>","protected":false},"excerpt":{"rendered":"","protected":false},"author":1,"featured_media":0,"parent":0,"menu_order":910,"comment_status":"closed","ping_status":"closed","template":"","meta":{"_seopress_robots_primary_cat":"","_seopress_titles_title":"","_seopress_titles_desc":"","_seopress_robots_index":"","_seopress_analysis_target_kw":"","_kad_blocks_custom_css":"","_kad_blocks_head_custom_js":"","_kad_blocks_body_custom_js":"","_kad_blocks_footer_custom_js":"","_kad_post_transparent":"","_kad_post_title":"show","_kad_post_layout":"normal","_kad_post_sidebar_id":"","_kad_post_content_style":"boxed","_kad_post_vertical_padding":"","_kad_post_feature":"","_kad_post_feature_position":"","_kad_post_header":false,"_kad_post_footer":false,"_kad_post_classname":"","footnotes":""},"class_list":["post-12","page","type-page","status-publish","hentry"],"taxonomy_info":[],"featured_image_src_large":false,"author_info":{"display_name":"SiteAdmin","author_link":"https:\/\/lund-sylt.de\/en\/author\/mtjslsah\/"},"comment_info":0,"_links":{"self":[{"href":"https:\/\/lund-sylt.de\/en\/wp-json\/wp\/v2\/pages\/12","targetHints":{"allow":["GET"]}}],"collection":[{"href":"https:\/\/lund-sylt.de\/en\/wp-json\/wp\/v2\/pages"}],"about":[{"href":"https:\/\/lund-sylt.de\/en\/wp-json\/wp\/v2\/types\/page"}],"author":[{"embeddable":true,"href":"https:\/\/lund-sylt.de\/en\/wp-json\/wp\/v2\/users\/1"}],"replies":[{"embeddable":true,"href":"https:\/\/lund-sylt.de\/en\/wp-json\/wp\/v2\/comments?post=12"}],"version-history":[{"count":3,"href":"https:\/\/lund-sylt.de\/en\/wp-json\/wp\/v2\/pages\/12\/revisions"}],"predecessor-version":[{"id":1224,"href":"https:\/\/lund-sylt.de\/en\/wp-json\/wp\/v2\/pages\/12\/revisions\/1224"}],"wp:attachment":[{"href":"https:\/\/lund-sylt.de\/en\/wp-json\/wp\/v2\/media?parent=12"}],"curies":[{"name":"wp","href":"https:\/\/api.w.org\/{rel}","templated":true}]}}